{"id":9057,"date":"2023-09-03T11:01:11","date_gmt":"2023-09-03T09:01:11","guid":{"rendered":"https:\/\/polshipowners.pl\/news\/"},"modified":"2023-09-03T12:05:44","modified_gmt":"2023-09-03T10:05:44","slug":"news","status":"publish","type":"page","link":"https:\/\/polshipowners.pl\/en\/news\/","title":{"rendered":"News"},"content":{"rendered":"\t\t<div data-elementor-type=\"wp-page\" data-elementor-id=\"9057\" class=\"elementor elementor-9057 elementor-9042\">\n\t\t\t\t\t\t<section class=\"elementor-section elementor-top-section elementor-element elementor-element-727c1be elementor-section-boxed elementor-section-height-default elementor-section-height-default rt-parallax-bg-no\" data-id=\"727c1be\" data-element_type=\"section\" data-e-type=\"section\">\n\t\t\t\t\t\t<div class=\"elementor-container elementor-column-gap-default\">\n\t\t\t\t\t<div class=\"elementor-column elementor-col-100 elementor-top-column elementor-element elementor-element-7402d63\" data-id=\"7402d63\" data-element_type=\"column\" data-e-type=\"column\">\n\t\t\t<div class=\"elementor-widget-wrap elementor-element-populated\">\n\t\t\t\t\t\t<section class=\"elementor-section elementor-inner-section elementor-element elementor-element-8aff071 elementor-section-boxed elementor-section-height-default elementor-section-height-default rt-parallax-bg-no\" data-id=\"8aff071\" data-element_type=\"section\" data-e-type=\"section\">\n\t\t\t\t\t\t<div class=\"elementor-container elementor-column-gap-default\">\n\t\t\t\t\t<div class=\"elementor-column elementor-col-100 elementor-inner-column elementor-element elementor-element-9ab2b0c\" data-id=\"9ab2b0c\" data-element_type=\"column\" data-e-type=\"column\">\n\t\t\t<div class=\"elementor-widget-wrap elementor-element-populated\">\n\t\t\t\t\t\t<div class=\"elementor-element elementor-element-2a4a17a elementor-widget elementor-widget-rt-text-with-button\" data-id=\"2a4a17a\" data-element_type=\"widget\" data-e-type=\"widget\" data-widget_type=\"rt-text-with-button.default\">\n\t\t\t\t<div class=\"elementor-widget-container\">\n\t\t\t\t\t<div class=\"title-text-button barshow text-style1\">\n\t\n\t\t\t<h4 class=\"subtitle style1\">News<span class=\"title-bar1\"><\/span><span class=\"title-bar2\"><\/span><\/h4>\n\t\t\t\t<h2 class=\"section-title\">\n<\/h2>\t<div class=\"section-content\"><\/div>\n\t<\/div>\t\t\t\t<\/div>\n\t\t\t\t<\/div>\n\t\t\t\t<div class=\"elementor-element elementor-element-7356365 elementor-invisible elementor-widget elementor-widget-rt-post-grid\" data-id=\"7356365\" data-element_type=\"widget\" data-e-type=\"widget\" data-widget_type=\"rt-post-grid.default\">\n\t\t\t\t<div class=\"elementor-widget-container\">\n\t\t\t\t\t<div class=\"post-default post-grid-style7 post-grid-multilayout\">\r\n\t<div class=\"row auto-clear\">\r\n\t\t\t\t\t\t\t\t\t<div class=\"col-xl-4 col-lg-6 col-md-6 col-sm-12 col-12\">\r\n\t\t\t\t<div class=\"post-grid-item show_image rt-animate wow fadeInUp\" data-wow-delay=\"0.3s\" data-wow-duration=\"0.8s\">\r\n\t\t\t\t\t<div class=\"post-img\">\r\n\t\t\t\t\t\t\t\t\t\t\t\t\t<a href=\"https:\/\/polshipowners.pl\/en\/new-member-of-the-polish-shipowners-association-unibaltic-from-szczecin\/\">\r\n\t\t\t\t\t\t\t\t<img fetchpriority=\"high\" decoding=\"async\" width=\"690\" height=\"375\" src=\"https:\/\/polshipowners.pl\/wp-content\/uploads\/2026\/02\/AMARANTH-10-690x375.jpg\" class=\"attachment-finbuzz-size9 size-finbuzz-size9 wp-post-image\" alt=\"\" \/>\t\t\t\t\t\t\t<\/a>\r\n\t\t\t\t\t\t\t\t\t\t\t\t\t\t\t\r\n\t\t\t\t\t\t\t<div class=\"blog-date\">\r\n                                <div>\r\n                                <span class=\"day\">19<\/span>\r\n\t\t\t\t\t\t\t\t<span class=\"month\">Feb<\/span>\t\r\n                                <\/div>\r\n\t\t\t\t\t\t\t\t\r\n\t\t\t\t\t\t\t<\/div>\t\r\n\t\t\t\t\t\t\t\t\t\t\t<\/div>\r\n\t\t\t\t\t<div class=\"entry-content\">\r\n\t\t\t\t\t\t\t\t\t\t\t\t<ul class=\"post-grid-meta\">\r\n\t\t\t\t\t\t\t                            \t\t\t\t\t\t\t\t\t\t\t\t\t<\/ul>\r\n\t\t\t\t\t\t\t\t\t\t\t\t<h3 class=\"entry-title\"><a href=\"https:\/\/polshipowners.pl\/en\/new-member-of-the-polish-shipowners-association-unibaltic-from-szczecin\/\">New member of the Polish Shipowners&#8217; Association \u2013 Unibaltic from Szczecin<\/a><\/h3>\r\n\t\t\t\t\t\t\t\t\t\t\t\t\t\t\t\t\t<\/div>\r\n\t\t\t\t\t\r\n\t\t\t\t<\/div>\r\n\t\t\t<\/div>\r\n\t\t\t\t\t\t\t\t<div class=\"col-xl-4 col-lg-6 col-md-6 col-sm-12 col-12\">\r\n\t\t\t\t<div class=\"post-grid-item show_image rt-animate wow fadeInUp\" data-wow-delay=\"0.5s\" data-wow-duration=\"0.8s\">\r\n\t\t\t\t\t<div class=\"post-img\">\r\n\t\t\t\t\t\t\t\t\t\t\t\t\t<a href=\"https:\/\/polshipowners.pl\/en\/egm-of-the-polish-shipowners-association-commemorative-plaque-for-julian-rummel\/\">\r\n\t\t\t\t\t\t\t\t<img decoding=\"async\" width=\"690\" height=\"375\" src=\"https:\/\/polshipowners.pl\/wp-content\/uploads\/2026\/02\/foto-690x375.jpeg\" class=\"attachment-finbuzz-size9 size-finbuzz-size9 wp-post-image\" alt=\"\" \/>\t\t\t\t\t\t\t<\/a>\r\n\t\t\t\t\t\t\t\t\t\t\t\t\t\t\t\r\n\t\t\t\t\t\t\t<div class=\"blog-date\">\r\n                                <div>\r\n                                <span class=\"day\">10<\/span>\r\n\t\t\t\t\t\t\t\t<span class=\"month\">Oct<\/span>\t\r\n                                <\/div>\r\n\t\t\t\t\t\t\t\t\r\n\t\t\t\t\t\t\t<\/div>\t\r\n\t\t\t\t\t\t\t\t\t\t\t<\/div>\r\n\t\t\t\t\t<div class=\"entry-content\">\r\n\t\t\t\t\t\t\t\t\t\t\t\t<ul class=\"post-grid-meta\">\r\n\t\t\t\t\t\t\t                            \t\t\t\t\t\t\t\t\t\t\t\t\t<\/ul>\r\n\t\t\t\t\t\t\t\t\t\t\t\t<h3 class=\"entry-title\"><a href=\"https:\/\/polshipowners.pl\/en\/egm-of-the-polish-shipowners-association-commemorative-plaque-for-julian-rummel\/\">EGM of the Polish Shipowners\u2019 Association. Commemorative plaque for Julian Rummel<\/a><\/h3>\r\n\t\t\t\t\t\t\t\t\t\t\t\t\t\t\t\t\t<\/div>\r\n\t\t\t\t\t\r\n\t\t\t\t<\/div>\r\n\t\t\t<\/div>\r\n\t\t\t\t\t\t\t\t<div class=\"col-xl-4 col-lg-6 col-md-6 col-sm-12 col-12\">\r\n\t\t\t\t<div class=\"post-grid-item show_image rt-animate wow fadeInUp\" data-wow-delay=\"0.7s\" data-wow-duration=\"0.8s\">\r\n\t\t\t\t\t<div class=\"post-img\">\r\n\t\t\t\t\t\t\t\t\t\t\t\t\t<a href=\"https:\/\/polshipowners.pl\/en\/representatives-of-ecsa-and-zap-at-the-11th-international-maritime-congress\/\">\r\n\t\t\t\t\t\t\t\t<img decoding=\"async\" width=\"690\" height=\"375\" src=\"https:\/\/polshipowners.pl\/wp-content\/uploads\/2025\/05\/Kongres1-690x375.jpg\" class=\"attachment-finbuzz-size9 size-finbuzz-size9 wp-post-image\" alt=\"\" \/>\t\t\t\t\t\t\t<\/a>\r\n\t\t\t\t\t\t\t\t\t\t\t\t\t\t\t\r\n\t\t\t\t\t\t\t<div class=\"blog-date\">\r\n                                <div>\r\n                                <span class=\"day\">21<\/span>\r\n\t\t\t\t\t\t\t\t<span class=\"month\">May<\/span>\t\r\n                                <\/div>\r\n\t\t\t\t\t\t\t\t\r\n\t\t\t\t\t\t\t<\/div>\t\r\n\t\t\t\t\t\t\t\t\t\t\t<\/div>\r\n\t\t\t\t\t<div class=\"entry-content\">\r\n\t\t\t\t\t\t\t\t\t\t\t\t<ul class=\"post-grid-meta\">\r\n\t\t\t\t\t\t\t                            \t\t\t\t\t\t\t\t\t\t\t\t\t<\/ul>\r\n\t\t\t\t\t\t\t\t\t\t\t\t<h3 class=\"entry-title\"><a href=\"https:\/\/polshipowners.pl\/en\/representatives-of-ecsa-and-zap-at-the-11th-international-maritime-congress\/\">Representatives of ECSA and ZAP at the 11th. International Maritime Congress<\/a><\/h3>\r\n\t\t\t\t\t\t\t\t\t\t\t\t\t\t\t\t\t<\/div>\r\n\t\t\t\t\t\r\n\t\t\t\t<\/div>\r\n\t\t\t<\/div>\r\n\t\t\t\t\t\t\t\t<div class=\"col-xl-4 col-lg-6 col-md-6 col-sm-12 col-12\">\r\n\t\t\t\t<div class=\"post-grid-item show_image rt-animate wow fadeInUp\" data-wow-delay=\"0.9s\" data-wow-duration=\"0.8s\">\r\n\t\t\t\t\t<div class=\"post-img\">\r\n\t\t\t\t\t\t\t\t\t\t\t\t\t<a href=\"https:\/\/polshipowners.pl\/en\/the-general-meeting-of-the-polish-shipowners-association-has-been-held\/\">\r\n\t\t\t\t\t\t\t\t<img loading=\"lazy\" decoding=\"async\" width=\"690\" height=\"375\" src=\"https:\/\/polshipowners.pl\/wp-content\/uploads\/2025\/05\/ZWZ-Szczecin1-690x375.jpg\" class=\"attachment-finbuzz-size9 size-finbuzz-size9 wp-post-image\" alt=\"\" \/>\t\t\t\t\t\t\t<\/a>\r\n\t\t\t\t\t\t\t\t\t\t\t\t\t\t\t\r\n\t\t\t\t\t\t\t<div class=\"blog-date\">\r\n                                <div>\r\n                                <span class=\"day\">19<\/span>\r\n\t\t\t\t\t\t\t\t<span class=\"month\">May<\/span>\t\r\n                                <\/div>\r\n\t\t\t\t\t\t\t\t\r\n\t\t\t\t\t\t\t<\/div>\t\r\n\t\t\t\t\t\t\t\t\t\t\t<\/div>\r\n\t\t\t\t\t<div class=\"entry-content\">\r\n\t\t\t\t\t\t\t\t\t\t\t\t<ul class=\"post-grid-meta\">\r\n\t\t\t\t\t\t\t                            \t\t\t\t\t\t\t\t\t\t\t\t\t<\/ul>\r\n\t\t\t\t\t\t\t\t\t\t\t\t<h3 class=\"entry-title\"><a href=\"https:\/\/polshipowners.pl\/en\/the-general-meeting-of-the-polish-shipowners-association-has-been-held\/\">The General Meeting of the Polish Shipowners&#8217; Association has been held<\/a><\/h3>\r\n\t\t\t\t\t\t\t\t\t\t\t\t\t\t\t\t\t<\/div>\r\n\t\t\t\t\t\r\n\t\t\t\t<\/div>\r\n\t\t\t<\/div>\r\n\t\t\t\t\t\t\t\t<div class=\"col-xl-4 col-lg-6 col-md-6 col-sm-12 col-12\">\r\n\t\t\t\t<div class=\"post-grid-item show_image rt-animate wow fadeInUp\" data-wow-delay=\"1.1s\" data-wow-duration=\"0.8s\">\r\n\t\t\t\t\t<div class=\"post-img\">\r\n\t\t\t\t\t\t\t\t\t\t\t\t\t<a href=\"https:\/\/polshipowners.pl\/en\/amber-duck-award-for-the-union-of-polish-shipowners-the-polish-association-of-shipowners\/\">\r\n\t\t\t\t\t\t\t\t<img loading=\"lazy\" decoding=\"async\" width=\"690\" height=\"375\" src=\"https:\/\/polshipowners.pl\/wp-content\/uploads\/2025\/05\/NWZ-Gdynia-1-690x375.jpg\" class=\"attachment-finbuzz-size9 size-finbuzz-size9 wp-post-image\" alt=\"\" \/>\t\t\t\t\t\t\t<\/a>\r\n\t\t\t\t\t\t\t\t\t\t\t\t\t\t\t\r\n\t\t\t\t\t\t\t<div class=\"blog-date\">\r\n                                <div>\r\n                                <span class=\"day\">13<\/span>\r\n\t\t\t\t\t\t\t\t<span class=\"month\">Oct<\/span>\t\r\n                                <\/div>\r\n\t\t\t\t\t\t\t\t\r\n\t\t\t\t\t\t\t<\/div>\t\r\n\t\t\t\t\t\t\t\t\t\t\t<\/div>\r\n\t\t\t\t\t<div class=\"entry-content\">\r\n\t\t\t\t\t\t\t\t\t\t\t\t<ul class=\"post-grid-meta\">\r\n\t\t\t\t\t\t\t                            \t\t\t\t\t\t\t\t\t\t\t\t\t<\/ul>\r\n\t\t\t\t\t\t\t\t\t\t\t\t<h3 class=\"entry-title\"><a href=\"https:\/\/polshipowners.pl\/en\/amber-duck-award-for-the-union-of-polish-shipowners-the-polish-association-of-shipowners\/\">Amber Duck Award for the union of Polish shipowners&#8217; associations<\/a><\/h3>\r\n\t\t\t\t\t\t\t\t\t\t\t\t\t\t\t\t\t<\/div>\r\n\t\t\t\t\t\r\n\t\t\t\t<\/div>\r\n\t\t\t<\/div>\r\n\t\t\t\t\t\t\t\t<div class=\"col-xl-4 col-lg-6 col-md-6 col-sm-12 col-12\">\r\n\t\t\t\t<div class=\"post-grid-item show_image rt-animate wow fadeInUp\" data-wow-delay=\"1.3s\" data-wow-duration=\"0.8s\">\r\n\t\t\t\t\t<div class=\"post-img\">\r\n\t\t\t\t\t\t\t\t\t\t\t\t\t<a href=\"https:\/\/polshipowners.pl\/en\/polish-shipowners-association-zap-elected-the-authorities-for-a-new-term-of-office\/\">\r\n\t\t\t\t\t\t\t\t<img loading=\"lazy\" decoding=\"async\" width=\"690\" height=\"375\" src=\"https:\/\/polshipowners.pl\/wp-content\/uploads\/2024\/08\/ZAP3--690x375.jpg\" class=\"attachment-finbuzz-size9 size-finbuzz-size9 wp-post-image\" alt=\"\" \/>\t\t\t\t\t\t\t<\/a>\r\n\t\t\t\t\t\t\t\t\t\t\t\t\t\t\t\r\n\t\t\t\t\t\t\t<div class=\"blog-date\">\r\n                                <div>\r\n                                <span class=\"day\">23<\/span>\r\n\t\t\t\t\t\t\t\t<span class=\"month\">Aug<\/span>\t\r\n                                <\/div>\r\n\t\t\t\t\t\t\t\t\r\n\t\t\t\t\t\t\t<\/div>\t\r\n\t\t\t\t\t\t\t\t\t\t\t<\/div>\r\n\t\t\t\t\t<div class=\"entry-content\">\r\n\t\t\t\t\t\t\t\t\t\t\t\t<ul class=\"post-grid-meta\">\r\n\t\t\t\t\t\t\t                            \t\t\t\t\t\t\t\t\t\t\t\t\t<\/ul>\r\n\t\t\t\t\t\t\t\t\t\t\t\t<h3 class=\"entry-title\"><a href=\"https:\/\/polshipowners.pl\/en\/polish-shipowners-association-zap-elected-the-authorities-for-a-new-term-of-office\/\">Polish Shipowners&#8217; Association (ZAP) elected the authorities for a new term of office<\/a><\/h3>\r\n\t\t\t\t\t\t\t\t\t\t\t\t\t\t\t\t\t<\/div>\r\n\t\t\t\t\t\r\n\t\t\t\t<\/div>\r\n\t\t\t<\/div>\r\n\t\t\t\t\t\t\t\t<div class=\"col-xl-4 col-lg-6 col-md-6 col-sm-12 col-12\">\r\n\t\t\t\t<div class=\"post-grid-item show_image rt-animate wow fadeInUp\" data-wow-delay=\"1.5s\" data-wow-duration=\"0.8s\">\r\n\t\t\t\t\t<div class=\"post-img\">\r\n\t\t\t\t\t\t\t\t\t\t\t\t\t<a href=\"https:\/\/polshipowners.pl\/en\/polish-shipowners-and-shipping-operators-join-ecsa\/\">\r\n\t\t\t\t\t\t\t\t<img loading=\"lazy\" decoding=\"async\" width=\"690\" height=\"375\" src=\"https:\/\/polshipowners.pl\/wp-content\/uploads\/2023\/12\/PSA-przystepuje-do-ECSA--690x375.jpg\" class=\"attachment-finbuzz-size9 size-finbuzz-size9 wp-post-image\" alt=\"\" \/>\t\t\t\t\t\t\t<\/a>\r\n\t\t\t\t\t\t\t\t\t\t\t\t\t\t\t\r\n\t\t\t\t\t\t\t<div class=\"blog-date\">\r\n                                <div>\r\n                                <span class=\"day\">21<\/span>\r\n\t\t\t\t\t\t\t\t<span class=\"month\">Dec<\/span>\t\r\n                                <\/div>\r\n\t\t\t\t\t\t\t\t\r\n\t\t\t\t\t\t\t<\/div>\t\r\n\t\t\t\t\t\t\t\t\t\t\t<\/div>\r\n\t\t\t\t\t<div class=\"entry-content\">\r\n\t\t\t\t\t\t\t\t\t\t\t\t<ul class=\"post-grid-meta\">\r\n\t\t\t\t\t\t\t                            \t\t\t\t\t\t\t\t\t\t\t\t\t<\/ul>\r\n\t\t\t\t\t\t\t\t\t\t\t\t<h3 class=\"entry-title\"><a href=\"https:\/\/polshipowners.pl\/en\/polish-shipowners-and-shipping-operators-join-ecsa\/\">Polish shipowners and shipping companies join ECSA<\/a><\/h3>\r\n\t\t\t\t\t\t\t\t\t\t\t\t\t\t\t\t\t<\/div>\r\n\t\t\t\t\t\r\n\t\t\t\t<\/div>\r\n\t\t\t<\/div>\r\n\t\t\t\t\t\t\t\t<div class=\"col-xl-4 col-lg-6 col-md-6 col-sm-12 col-12\">\r\n\t\t\t\t<div class=\"post-grid-item show_image rt-animate wow fadeInUp\" data-wow-delay=\"1.7s\" data-wow-duration=\"0.8s\">\r\n\t\t\t\t\t<div class=\"post-img\">\r\n\t\t\t\t\t\t\t\t\t\t\t\t\t<a href=\"https:\/\/polshipowners.pl\/en\/maritime-cyprus-2023-conference\/\">\r\n\t\t\t\t\t\t\t\t<img loading=\"lazy\" decoding=\"async\" width=\"690\" height=\"375\" src=\"https:\/\/polshipowners.pl\/wp-content\/uploads\/2023\/10\/Cyprus-Shipping-Chamber-690x375.jpg\" class=\"attachment-finbuzz-size9 size-finbuzz-size9 wp-post-image\" alt=\"Cyprus Shipping Chamber\" \/>\t\t\t\t\t\t\t<\/a>\r\n\t\t\t\t\t\t\t\t\t\t\t\t\t\t\t\r\n\t\t\t\t\t\t\t<div class=\"blog-date\">\r\n                                <div>\r\n                                <span class=\"day\">20<\/span>\r\n\t\t\t\t\t\t\t\t<span class=\"month\">Oct<\/span>\t\r\n                                <\/div>\r\n\t\t\t\t\t\t\t\t\r\n\t\t\t\t\t\t\t<\/div>\t\r\n\t\t\t\t\t\t\t\t\t\t\t<\/div>\r\n\t\t\t\t\t<div class=\"entry-content\">\r\n\t\t\t\t\t\t\t\t\t\t\t\t<ul class=\"post-grid-meta\">\r\n\t\t\t\t\t\t\t                            \t\t\t\t\t\t\t\t\t\t\t\t\t<\/ul>\r\n\t\t\t\t\t\t\t\t\t\t\t\t<h3 class=\"entry-title\"><a href=\"https:\/\/polshipowners.pl\/en\/maritime-cyprus-2023-conference\/\">Maritime Cyprus 2023 Conference<\/a><\/h3>\r\n\t\t\t\t\t\t\t\t\t\t\t\t\t\t\t\t\t<\/div>\r\n\t\t\t\t\t\r\n\t\t\t\t<\/div>\r\n\t\t\t<\/div>\r\n\t\t\t<\/div>\r\n\t\t<\/div>\t\t\t\t<\/div>\n\t\t\t\t<\/div>\n\t\t\t\t\t<\/div>\n\t\t<\/div>\n\t\t\t\t\t<\/div>\n\t\t<\/section>\n\t\t\t\t\t<\/div>\n\t\t<\/div>\n\t\t\t\t\t<\/div>\n\t\t<\/section>\n\t\t\t\t<\/div>\n\t\t","protected":false},"excerpt":{"rendered":"<p>News 27 cze Shaping The Future of Shipping \u2013 Seafarer 2050 01 cze ZUS dla marynarzy \u2013 spotkanie 18 maj ZAP rozmawia o powrocie w struktury ECSA 08 maj Odszed\u0142 dr in\u017c. Kpt \u017c. w. Bogumi\u0142 \u0141\u0105czy\u0144ski 27 kwi Walne Zgromadzenie w Ko\u0142obrzegu<\/p>\n","protected":false},"author":1,"featured_media":0,"parent":0,"menu_order":0,"comment_status":"closed","ping_status":"closed","template":"elementor_header_footer","meta":{"_monsterinsights_skip_tracking":false,"_monsterinsights_sitenote_active":false,"_monsterinsights_sitenote_note":"","_monsterinsights_sitenote_category":0,"footnotes":""},"class_list":["post-9057","page","type-page","status-publish","hentry"],"_links":{"self":[{"href":"https:\/\/polshipowners.pl\/en\/wp-json\/wp\/v2\/pages\/9057","targetHints":{"allow":["GET"]}}],"collection":[{"href":"https:\/\/polshipowners.pl\/en\/wp-json\/wp\/v2\/pages"}],"about":[{"href":"https:\/\/polshipowners.pl\/en\/wp-json\/wp\/v2\/types\/page"}],"author":[{"embeddable":true,"href":"https:\/\/polshipowners.pl\/en\/wp-json\/wp\/v2\/users\/1"}],"replies":[{"embeddable":true,"href":"https:\/\/polshipowners.pl\/en\/wp-json\/wp\/v2\/comments?post=9057"}],"version-history":[{"count":8,"href":"https:\/\/polshipowners.pl\/en\/wp-json\/wp\/v2\/pages\/9057\/revisions"}],"predecessor-version":[{"id":9132,"href":"https:\/\/polshipowners.pl\/en\/wp-json\/wp\/v2\/pages\/9057\/revisions\/9132"}],"wp:attachment":[{"href":"https:\/\/polshipowners.pl\/en\/wp-json\/wp\/v2\/media?parent=9057"}],"curies":[{"name":"wp","href":"https:\/\/api.w.org\/{rel}","templated":true}]}}